{"id":21,"date":"2024-07-12T15:14:59","date_gmt":"2024-07-12T12:14:59","guid":{"rendered":"https:\/\/www.saglam-is.com\/?page_id=21"},"modified":"2024-08-02T15:40:47","modified_gmt":"2024-08-02T12:40:47","slug":"misyonumuz","status":"publish","type":"page","link":"https:\/\/www.saglam-is.com\/index.php\/misyonumuz\/","title":{"rendered":"Misyonumuz"},"content":{"rendered":"\t\t<div data-elementor-type=\"wp-page\" data-elementor-id=\"21\" class=\"elementor elementor-21\" data-elementor-post-type=\"page\">\n\t\t\t\t\t\t<section class=\"elementor-section elementor-top-section elementor-element elementor-element-34ad712d elementor-section-boxed elementor-section-height-default elementor-section-height-default\" data-id=\"34ad712d\" data-element_type=\"section\" data-e-type=\"section\" data-settings=\"{&quot;background_background&quot;:&quot;classic&quot;}\">\n\t\t\t\t\t\t\t<div class=\"elementor-background-overlay\"><\/div>\n\t\t\t\t\t\t\t<div class=\"elementor-container elementor-column-gap-default\">\n\t\t\t\t\t<div class=\"elementor-column elementor-col-100 elementor-top-column elementor-element elementor-element-37a24452\" data-id=\"37a24452\" data-element_type=\"column\" data-e-type=\"column\">\n\t\t\t<div class=\"elementor-widget-wrap elementor-element-populated\">\n\t\t\t\t\t\t<div class=\"elementor-element elementor-element-101478e0 elementor-widget elementor-widget-heading\" data-id=\"101478e0\" data-element_type=\"widget\" data-e-type=\"widget\" data-widget_type=\"heading.default\">\n\t\t\t\t<div class=\"elementor-widget-container\">\n\t\t\t\t\t<h1 class=\"elementor-heading-title elementor-size-default\">Misyonumuz<\/h1>\t\t\t\t<\/div>\n\t\t\t\t<\/div>\n\t\t\t\t\t<\/div>\n\t\t<\/div>\n\t\t\t\t\t<\/div>\n\t\t<\/section>\n\t\t\t\t<section class=\"elementor-section elementor-top-section elementor-element elementor-element-5867c06 elementor-section-content-middle elementor-reverse-mobile elementor-section-boxed elementor-section-height-default elementor-section-height-default\" data-id=\"5867c06\" data-element_type=\"section\" data-e-type=\"section\">\n\t\t\t\t\t\t<div class=\"elementor-container elementor-column-gap-default\">\n\t\t\t\t\t<div class=\"elementor-column elementor-col-33 elementor-top-column elementor-element elementor-element-7b1eeeab elementor-invisible\" data-id=\"7b1eeeab\" data-element_type=\"column\" data-e-type=\"column\" data-settings=\"{&quot;animation&quot;:&quot;fadeInLeft&quot;}\">\n\t\t\t<div class=\"elementor-widget-wrap elementor-element-populated\">\n\t\t\t\t\t\t<div class=\"elementor-element elementor-element-6062672c elementor-widget elementor-widget-image\" data-id=\"6062672c\" data-element_type=\"widget\" data-e-type=\"widget\" data-widget_type=\"image.default\">\n\t\t\t\t<div class=\"elementor-widget-container\">\n\t\t\t\t\t\t\t\t\t\t\t\t\t\t\t<img fetchpriority=\"high\" decoding=\"async\" width=\"2560\" height=\"1707\" src=\"https:\/\/www.saglam-is.com\/wp-content\/uploads\/2024\/08\/IMG_2209-scaled.webp\" class=\"attachment-full size-full wp-image-480\" alt=\"\" srcset=\"https:\/\/www.saglam-is.com\/wp-content\/uploads\/2024\/08\/IMG_2209-scaled.webp 2560w, https:\/\/www.saglam-is.com\/wp-content\/uploads\/2024\/08\/IMG_2209-300x200.webp 300w, https:\/\/www.saglam-is.com\/wp-content\/uploads\/2024\/08\/IMG_2209-1024x683.webp 1024w, https:\/\/www.saglam-is.com\/wp-content\/uploads\/2024\/08\/IMG_2209-768x512.webp 768w, https:\/\/www.saglam-is.com\/wp-content\/uploads\/2024\/08\/IMG_2209-1536x1024.webp 1536w, https:\/\/www.saglam-is.com\/wp-content\/uploads\/2024\/08\/IMG_2209-2048x1365.webp 2048w\" sizes=\"(max-width: 2560px) 100vw, 2560px\" \/>\t\t\t\t\t\t\t\t\t\t\t\t\t\t\t<\/div>\n\t\t\t\t<\/div>\n\t\t\t\t\t<\/div>\n\t\t<\/div>\n\t\t\t\t<div class=\"elementor-column elementor-col-33 elementor-top-column elementor-element elementor-element-62861c3d\" data-id=\"62861c3d\" data-element_type=\"column\" data-e-type=\"column\">\n\t\t\t<div class=\"elementor-widget-wrap\">\n\t\t\t\t\t\t\t<\/div>\n\t\t<\/div>\n\t\t\t\t<div class=\"elementor-column elementor-col-33 elementor-top-column elementor-element elementor-element-1204c9a3 elementor-invisible\" data-id=\"1204c9a3\" data-element_type=\"column\" data-e-type=\"column\" data-settings=\"{&quot;animation&quot;:&quot;fadeInRight&quot;}\">\n\t\t\t<div class=\"elementor-widget-wrap elementor-element-populated\">\n\t\t\t\t\t\t<div class=\"elementor-element elementor-element-27392249 elementor-widget elementor-widget-heading\" data-id=\"27392249\" data-element_type=\"widget\" data-e-type=\"widget\" data-widget_type=\"heading.default\">\n\t\t\t\t<div class=\"elementor-widget-container\">\n\t\t\t\t\t<h6 class=\"elementor-heading-title elementor-size-default\">SA\u011eLAM-\u0130\u015e<\/h6>\t\t\t\t<\/div>\n\t\t\t\t<\/div>\n\t\t\t\t<div class=\"elementor-element elementor-element-6a94b920 elementor-widget elementor-widget-heading\" data-id=\"6a94b920\" data-element_type=\"widget\" data-e-type=\"widget\" data-widget_type=\"heading.default\">\n\t\t\t\t<div class=\"elementor-widget-container\">\n\t\t\t\t\t<h2 class=\"elementor-heading-title elementor-size-default\">Misyonumuz<\/h2>\t\t\t\t<\/div>\n\t\t\t\t<\/div>\n\t\t\t\t<div class=\"elementor-element elementor-element-5b3e2df6 elementor-widget elementor-widget-text-editor\" data-id=\"5b3e2df6\" data-element_type=\"widget\" data-e-type=\"widget\" data-widget_type=\"text-editor.default\">\n\t\t\t\t<div class=\"elementor-widget-container\">\n\t\t\t\t\t\t\t\t\t<p>Sa\u011flam-\u0130\u015f olarak misyonumuz, m\u00fc\u015fterilerimizin ihtiya\u00e7lar\u0131n\u0131 en iyi \u015fekilde kar\u015f\u0131layacak kaliteli, g\u00fcvenilir ve ekonomik \u00e7\u00f6z\u00fcmler sunmakt\u0131r. Bu ama\u00e7 do\u011frultusunda, her bir projemizi titizlikle planlar ve ger\u00e7ekle\u015ftiririz. \u00dcr\u00fcnlerimizin ve hizmetlerimizin y\u00fcksek standartlarda olmas\u0131n\u0131 sa\u011flamak i\u00e7in s\u00fcrekli olarak yenilik\u00e7i teknolojiler ve y\u00f6ntemler kullan\u0131r\u0131z.<\/p><p>M\u00fc\u015fteri memnuniyetini en \u00fcst d\u00fczeyde tutmak, firmam\u0131z\u0131n en \u00f6nemli \u00f6nceli\u011fidir. Bu do\u011frultuda, m\u00fc\u015fterilerimizin beklentilerini anlamak ve onlara en uygun \u00e7\u00f6z\u00fcmleri sunmak i\u00e7in s\u00fcrekli olarak geri bildirim al\u0131r ve hizmetlerimizi bu do\u011frultuda iyile\u015ftiririz. Her m\u00fc\u015fterimizi i\u015f orta\u011f\u0131m\u0131z olarak g\u00f6r\u00fcr ve onlarla uzun vadeli ve kar\u015f\u0131l\u0131kl\u0131 g\u00fcvene dayal\u0131 ili\u015fkiler kurmay\u0131 hedefleriz.<\/p><p>\u00c7al\u0131\u015fanlar\u0131m\u0131z\u0131n geli\u015fimine b\u00fcy\u00fck \u00f6nem veririz. S\u00fcrekli e\u011fitim programlar\u0131 ve geli\u015fim f\u0131rsatlar\u0131 ile ekip arkada\u015flar\u0131m\u0131z\u0131n bilgi ve becerilerini art\u0131r\u0131r, onlar\u0131 sekt\u00f6rdeki en iyi profesyoneller haline getirmeye \u00e7al\u0131\u015f\u0131r\u0131z. \u0130\u015f sa\u011fl\u0131\u011f\u0131 ve g\u00fcvenli\u011fi konular\u0131nda en y\u00fcksek standartlar\u0131 benimseyerek, \u00e7al\u0131\u015fanlar\u0131m\u0131z\u0131n g\u00fcvenli ve sa\u011fl\u0131kl\u0131 bir \u00e7al\u0131\u015fma ortam\u0131nda bulunmalar\u0131n\u0131 sa\u011flar\u0131z.<\/p><p>\u00c7evreye duyarl\u0131 bir firma olarak, s\u00fcrd\u00fcr\u00fclebilir \u00fcretim y\u00f6ntemleri kullan\u0131r ve \u00e7evresel etkilerimizi en aza indirmeye \u00e7al\u0131\u015f\u0131r\u0131z. Topluma ve do\u011faya kar\u015f\u0131 sorumluluklar\u0131m\u0131z\u0131n bilincinde olarak, \u00e7evresel fark\u0131ndal\u0131k yaratacak projelerde yer al\u0131r ve bu konuda \u00f6nc\u00fc olmay\u0131 hedefleriz.<\/p><p>Sa\u011flam-\u0130\u015f olarak misyonumuz, kaliteli hizmet anlay\u0131\u015f\u0131m\u0131zla sekt\u00f6rde \u00f6rnek bir firma olmak, m\u00fc\u015fterilerimize en iyi \u00e7\u00f6z\u00fcmleri sunmak ve t\u00fcm payda\u015flar\u0131m\u0131z i\u00e7in de\u011fer yaratmakt\u0131r. Bu misyon do\u011frultusunda, s\u00fcrekli olarak kendimizi geli\u015ftirmeye ve yeniliklere a\u00e7\u0131k olmaya devam edece\u011fiz.<\/p>\t\t\t\t\t\t\t\t<\/div>\n\t\t\t\t<\/div>\n\t\t\t\t\t<\/div>\n\t\t<\/div>\n\t\t\t\t\t<\/div>\n\t\t<\/section>\n\t\t\t\t<\/div>\n\t\t","protected":false},"excerpt":{"rendered":"<p>SA\u011eLAM-\u0130\u015e Misyonumuz Sa\u011flam-\u0130\u015f olarak misyonumuz, m\u00fc\u015fterilerimizin ihtiya\u00e7lar\u0131n\u0131 en iyi \u015fekilde kar\u015f\u0131layacak kaliteli, g\u00fcvenilir ve ekonomik \u00e7\u00f6z\u00fcmler sunmakt\u0131r. Bu ama\u00e7 do\u011frultusunda, her bir projemizi titizlikle planlar ve ger\u00e7ekle\u015ftiririz. \u00dcr\u00fcnlerimizin ve hizmetlerimizin y\u00fcksek standartlarda olmas\u0131n\u0131 sa\u011flamak i\u00e7in s\u00fcrekli olarak yenilik\u00e7i teknolojiler ve y\u00f6ntemler kullan\u0131r\u0131z. M\u00fc\u015fteri memnuniyetini en \u00fcst d\u00fczeyde tutmak, firmam\u0131z\u0131n en \u00f6nemli \u00f6nceli\u011fidir. Bu do\u011frultuda, m\u00fc\u015fterilerimizin [&hellip;]<\/p>\n","protected":false},"author":1,"featured_media":0,"parent":0,"menu_order":0,"comment_status":"closed","ping_status":"closed","template":"","meta":{"footnotes":""},"class_list":["post-21","page","type-page","status-publish","hentry"],"_links":{"self":[{"href":"https:\/\/www.saglam-is.com\/index.php\/wp-json\/wp\/v2\/pages\/21","targetHints":{"allow":["GET"]}}],"collection":[{"href":"https:\/\/www.saglam-is.com\/index.php\/wp-json\/wp\/v2\/pages"}],"about":[{"href":"https:\/\/www.saglam-is.com\/index.php\/wp-json\/wp\/v2\/types\/page"}],"author":[{"embeddable":true,"href":"https:\/\/www.saglam-is.com\/index.php\/wp-json\/wp\/v2\/users\/1"}],"replies":[{"embeddable":true,"href":"https:\/\/www.saglam-is.com\/index.php\/wp-json\/wp\/v2\/comments?post=21"}],"version-history":[{"count":16,"href":"https:\/\/www.saglam-is.com\/index.php\/wp-json\/wp\/v2\/pages\/21\/revisions"}],"predecessor-version":[{"id":593,"href":"https:\/\/www.saglam-is.com\/index.php\/wp-json\/wp\/v2\/pages\/21\/revisions\/593"}],"wp:attachment":[{"href":"https:\/\/www.saglam-is.com\/index.php\/wp-json\/wp\/v2\/media?parent=21"}],"curies":[{"name":"wp","href":"https:\/\/api.w.org\/{rel}","templated":true}]}}